{"id":973,"date":"2026-01-14T11:07:40","date_gmt":"2026-01-14T10:07:40","guid":{"rendered":"https:\/\/educatudinero.com\/curso\/actius-criptografics-i-el-mon-de-la-fintech\/"},"modified":"2026-01-28T19:30:08","modified_gmt":"2026-01-28T18:30:08","slug":"actius-criptografics-i-el-mon-de-la-fintech","status":"publish","type":"product","link":"https:\/\/educatudinero.com\/ca\/curs\/actius-criptografics-i-el-mon-de-la-fintech\/","title":{"rendered":"Criptoactius i el M\u00f3n Fintech"},"content":{"rendered":"<p>En aquest curs, aprendr\u00e0s els fonaments dels actius criptogr\u00e0fics i l&#8217;impacte de la tecnologia en les finances. Aprendr\u00e0s sobre les criptomonedes, la tokenitzaci\u00f3 i altres innovacions fintech, aix\u00ed com els seus riscos i oportunitats. L&#8217;enfocament \u00e9s en la gesti\u00f3 de patrimoni i l&#8217;educaci\u00f3, no en l&#8217;especulaci\u00f3: entendreu com encaixen aquests actius en una estrat\u00e8gia d&#8217;inversi\u00f3 conscient i quin paper pot tenir la digitalitzaci\u00f3 en la gesti\u00f3 de diners. L&#8217;objectiu \u00e9s que pugueu prendre decisions informades en un entorn financer en constant canvi.<\/p>\n","protected":false},"excerpt":{"rendered":"<p>En aquest curs, aprendr\u00e0s els fonaments dels actius criptogr\u00e0fics i l&#8217;impacte de la tecnologia en les finances.<\/p>\n","protected":false},"featured_media":1117,"comment_status":"open","ping_status":"closed","template":"","meta":{"_acf_changed":false,"content-type":"","inline_featured_image":false,"_uag_custom_page_level_css":"","site-sidebar-layout":"default","site-content-layout":"","ast-site-content-layout":"default","site-content-style":"default","site-sidebar-style":"default","ast-global-header-display":"","ast-banner-title-visibility":"","ast-main-header-display":"","ast-hfb-above-header-display":"","ast-hfb-below-header-display":"","ast-hfb-mobile-header-display":"","site-post-title":"","ast-breadcrumbs-content":"","ast-featured-img":"","footer-sml-layout":"","ast-disable-related-posts":"","theme-transparent-header-meta":"default","adv-header-id-meta":"","stick-header-meta":"default","header-above-stick-meta":"","header-main-stick-meta":"","header-below-stick-meta":"","astra-migrate-meta-layouts":"set","ast-page-background-enabled":"default","ast-page-background-meta":{"desktop":{"background-color":"var(--ast-global-color-5)","background-image":"","background-repeat":"repeat","background-position":"center center","background-size":"auto","background-attachment":"scroll","background-type":"","background-media":"","overlay-type":"","overlay-color":"","overlay-opacity":"","overlay-gradient":""},"tablet":{"background-color":"","background-image":"","background-repeat":"repeat","background-position":"center center","background-size":"auto","background-attachment":"scroll","background-type":"","background-media":"","overlay-type":"","overlay-color":"","overlay-opacity":"","overlay-gradient":""},"mobile":{"background-color":"","background-image":"","background-repeat":"repeat","background-position":"center center","background-size":"auto","background-attachment":"scroll","background-type":"","background-media":"","overlay-type":"","overlay-color":"","overlay-opacity":"","overlay-gradient":""}},"ast-content-background-meta":{"desktop":{"background-color":"var(--ast-global-color-4)","background-image":"","background-repeat":"repeat","background-position":"center center","background-size":"auto","background-attachment":"scroll","background-type":"","background-media":"","overlay-type":"","overlay-color":"","overlay-opacity":"","overlay-gradient":""},"tablet":{"background-color":"var(--ast-global-color-4)","background-image":"","background-repeat":"repeat","background-position":"center center","background-size":"auto","background-attachment":"scroll","background-type":"","background-media":"","overlay-type":"","overlay-color":"","overlay-opacity":"","overlay-gradient":""},"mobile":{"background-color":"var(--ast-global-color-4)","background-image":"","background-repeat":"repeat","background-position":"center center","background-size":"auto","background-attachment":"scroll","background-type":"","background-media":"","overlay-type":"","overlay-color":"","overlay-opacity":"","overlay-gradient":""}}},"tipo":[33],"product_brand":[],"product_cat":[31],"product_tag":[],"class_list":{"0":"post-973","1":"product","2":"type-product","3":"status-publish","4":"has-post-thumbnail","6":"tipo-apren-a-invertir","7":"product_cat-sin-categoria","8":"desktop-align-left","9":"tablet-align-left","10":"mobile-align-left","11":"ast-product-gallery-layout-horizontal-slider","12":"ast-product-gallery-with-no-image","13":"ast-product-tabs-layout-horizontal","15":"first","16":"instock","17":"virtual","18":"sold-individually","19":"taxable","20":"purchasable","21":"product-type-simple"},"acf":[],"uagb_featured_image_src":{"full":["https:\/\/educatudinero.com\/wp-content\/uploads\/m2.png",1920,540,false],"thumbnail":["https:\/\/educatudinero.com\/wp-content\/uploads\/m2-300x84.png",300,84,true],"medium":["https:\/\/educatudinero.com\/wp-content\/uploads\/m2-800x225.png",800,225,true],"medium_large":["https:\/\/educatudinero.com\/wp-content\/uploads\/m2-768x216.png",768,216,true],"large":["https:\/\/educatudinero.com\/wp-content\/uploads\/m2.png",1920,540,false],"1536x1536":["https:\/\/educatudinero.com\/wp-content\/uploads\/m2-1536x432.png",1536,432,true],"2048x2048":["https:\/\/educatudinero.com\/wp-content\/uploads\/m2.png",1920,540,false],"woocommerce_thumbnail":["https:\/\/educatudinero.com\/wp-content\/uploads\/m2-300x300.png",300,300,true],"woocommerce_single":["https:\/\/educatudinero.com\/wp-content\/uploads\/m2-600x169.png",600,169,true],"woocommerce_gallery_thumbnail":["https:\/\/educatudinero.com\/wp-content\/uploads\/m2-100x100.png",100,100,true]},"uagb_author_info":{"display_name":"joanraez","author_link":"https:\/\/educatudinero.com\/ca\/author\/"},"uagb_comment_info":0,"uagb_excerpt":"En aquest curs, aprendr\u00e0s els fonaments dels actius criptogr\u00e0fics i l'impacte de la tecnologia en les finances.","_links":{"self":[{"href":"https:\/\/educatudinero.com\/ca\/wp-json\/wp\/v2\/product\/973","targetHints":{"allow":["GET"]}}],"collection":[{"href":"https:\/\/educatudinero.com\/ca\/wp-json\/wp\/v2\/product"}],"about":[{"href":"https:\/\/educatudinero.com\/ca\/wp-json\/wp\/v2\/types\/product"}],"replies":[{"embeddable":true,"href":"https:\/\/educatudinero.com\/ca\/wp-json\/wp\/v2\/comments?post=973"}],"wp:featuredmedia":[{"embeddable":true,"href":"https:\/\/educatudinero.com\/ca\/wp-json\/wp\/v2\/media\/1117"}],"wp:attachment":[{"href":"https:\/\/educatudinero.com\/ca\/wp-json\/wp\/v2\/media?parent=973"}],"wp:term":[{"taxonomy":"tipo","embeddable":true,"href":"https:\/\/educatudinero.com\/ca\/wp-json\/wp\/v2\/tipo?post=973"},{"taxonomy":"product_brand","embeddable":true,"href":"https:\/\/educatudinero.com\/ca\/wp-json\/wp\/v2\/product_brand?post=973"},{"taxonomy":"product_cat","embeddable":true,"href":"https:\/\/educatudinero.com\/ca\/wp-json\/wp\/v2\/product_cat?post=973"},{"taxonomy":"product_tag","embeddable":true,"href":"https:\/\/educatudinero.com\/ca\/wp-json\/wp\/v2\/product_tag?post=973"}],"curies":[{"name":"wp","href":"https:\/\/api.w.org\/{rel}","templated":true}]}}