{"id":958,"date":"2025-12-31T15:52:17","date_gmt":"2025-12-31T14:52:17","guid":{"rendered":"https:\/\/educatudinero.com\/curso\/introduccio-a-la-renda-fixa\/"},"modified":"2026-01-28T19:25:44","modified_gmt":"2026-01-28T18:25:44","slug":"introduccio-a-la-renda-fixa","status":"publish","type":"product","link":"https:\/\/educatudinero.com\/ca\/curs\/introduccio-a-la-renda-fixa\/","title":{"rendered":"Renda fixa"},"content":{"rendered":"<p>Aquest curs t&#8217;oferir\u00e0 una comprensi\u00f3 profunda de com funciona el deute fix i per qu\u00e8 \u00e9s un component clau de moltes carteres d&#8217;inversi\u00f3. Aprendreu qu\u00e8 s\u00f3n els bons, els pagar\u00e9s del Tresor, les obligacions i altres instruments, com es valoren i quins factors n&#8217;influencien la rendibilitat. Analitzareu la relaci\u00f3 entre els tipus d&#8217;inter\u00e8s i els preus dels bons, el risc de cr\u00e8dit i el paper de la renda fixa com a element d&#8217;estabilitat. Al final, sabreu quan i com utilitzar aquests actius per protegir el vostre patrimoni, diversificar i equilibrar el risc de la vostra cartera.<\/p>\n","protected":false},"excerpt":{"rendered":"<p>Aquest curs t&#8217;oferir\u00e0 una comprensi\u00f3 profunda de com funciona el deute fix i per qu\u00e8 \u00e9s un component clau de moltes carteres d&#8217;inversi\u00f3.<\/p>\n","protected":false},"featured_media":1053,"comment_status":"open","ping_status":"closed","template":"","meta":{"_acf_changed":false,"content-type":"","inline_featured_image":false,"_uag_custom_page_level_css":"","site-sidebar-layout":"default","site-content-layout":"","ast-site-content-layout":"default","site-content-style":"default","site-sidebar-style":"default","ast-global-header-display":"","ast-banner-title-visibility":"","ast-main-header-display":"","ast-hfb-above-header-display":"","ast-hfb-below-header-display":"","ast-hfb-mobile-header-display":"","site-post-title":"","ast-breadcrumbs-content":"","ast-featured-img":"","footer-sml-layout":"","ast-disable-related-posts":"","theme-transparent-header-meta":"default","adv-header-id-meta":"","stick-header-meta":"default","header-above-stick-meta":"","header-main-stick-meta":"","header-below-stick-meta":"","astra-migrate-meta-layouts":"set","ast-page-background-enabled":"default","ast-page-background-meta":{"desktop":{"background-color":"var(--ast-global-color-5)","background-image":"","background-repeat":"repeat","background-position":"center center","background-size":"auto","background-attachment":"scroll","background-type":"","background-media":"","overlay-type":"","overlay-color":"","overlay-opacity":"","overlay-gradient":""},"tablet":{"background-color":"","background-image":"","background-repeat":"repeat","background-position":"center center","background-size":"auto","background-attachment":"scroll","background-type":"","background-media":"","overlay-type":"","overlay-color":"","overlay-opacity":"","overlay-gradient":""},"mobile":{"background-color":"","background-image":"","background-repeat":"repeat","background-position":"center center","background-size":"auto","background-attachment":"scroll","background-type":"","background-media":"","overlay-type":"","overlay-color":"","overlay-opacity":"","overlay-gradient":""}},"ast-content-background-meta":{"desktop":{"background-color":"var(--ast-global-color-4)","background-image":"","background-repeat":"repeat","background-position":"center center","background-size":"auto","background-attachment":"scroll","background-type":"","background-media":"","overlay-type":"","overlay-color":"","overlay-opacity":"","overlay-gradient":""},"tablet":{"background-color":"var(--ast-global-color-4)","background-image":"","background-repeat":"repeat","background-position":"center center","background-size":"auto","background-attachment":"scroll","background-type":"","background-media":"","overlay-type":"","overlay-color":"","overlay-opacity":"","overlay-gradient":""},"mobile":{"background-color":"var(--ast-global-color-4)","background-image":"","background-repeat":"repeat","background-position":"center center","background-size":"auto","background-attachment":"scroll","background-type":"","background-media":"","overlay-type":"","overlay-color":"","overlay-opacity":"","overlay-gradient":""}}},"tipo":[33],"product_brand":[],"product_cat":[31],"product_tag":[],"class_list":{"0":"post-958","1":"product","2":"type-product","3":"status-publish","4":"has-post-thumbnail","6":"tipo-apren-a-invertir","7":"product_cat-sin-categoria","8":"desktop-align-left","9":"tablet-align-left","10":"mobile-align-left","11":"ast-product-gallery-layout-horizontal-slider","12":"ast-product-gallery-with-no-image","13":"ast-product-tabs-layout-horizontal","15":"first","16":"instock","17":"featured","18":"virtual","19":"sold-individually","20":"taxable","21":"purchasable","22":"product-type-simple"},"acf":[],"uagb_featured_image_src":{"full":["https:\/\/educatudinero.com\/wp-content\/uploads\/m8.png",1920,540,false],"thumbnail":["https:\/\/educatudinero.com\/wp-content\/uploads\/m8-300x84.png",300,84,true],"medium":["https:\/\/educatudinero.com\/wp-content\/uploads\/m8-800x225.png",800,225,true],"medium_large":["https:\/\/educatudinero.com\/wp-content\/uploads\/m8-768x216.png",768,216,true],"large":["https:\/\/educatudinero.com\/wp-content\/uploads\/m8.png",1920,540,false],"1536x1536":["https:\/\/educatudinero.com\/wp-content\/uploads\/m8-1536x432.png",1536,432,true],"2048x2048":["https:\/\/educatudinero.com\/wp-content\/uploads\/m8.png",1920,540,false],"woocommerce_thumbnail":["https:\/\/educatudinero.com\/wp-content\/uploads\/m8-300x300.png",300,300,true],"woocommerce_single":["https:\/\/educatudinero.com\/wp-content\/uploads\/m8-600x169.png",600,169,true],"woocommerce_gallery_thumbnail":["https:\/\/educatudinero.com\/wp-content\/uploads\/m8-100x100.png",100,100,true]},"uagb_author_info":{"display_name":"joanraez","author_link":"https:\/\/educatudinero.com\/ca\/author\/"},"uagb_comment_info":0,"uagb_excerpt":"Aquest curs t'oferir\u00e0 una comprensi\u00f3 profunda de com funciona el deute fix i per qu\u00e8 \u00e9s un component clau de moltes carteres d'inversi\u00f3.","_links":{"self":[{"href":"https:\/\/educatudinero.com\/ca\/wp-json\/wp\/v2\/product\/958","targetHints":{"allow":["GET"]}}],"collection":[{"href":"https:\/\/educatudinero.com\/ca\/wp-json\/wp\/v2\/product"}],"about":[{"href":"https:\/\/educatudinero.com\/ca\/wp-json\/wp\/v2\/types\/product"}],"replies":[{"embeddable":true,"href":"https:\/\/educatudinero.com\/ca\/wp-json\/wp\/v2\/comments?post=958"}],"wp:featuredmedia":[{"embeddable":true,"href":"https:\/\/educatudinero.com\/ca\/wp-json\/wp\/v2\/media\/1053"}],"wp:attachment":[{"href":"https:\/\/educatudinero.com\/ca\/wp-json\/wp\/v2\/media?parent=958"}],"wp:term":[{"taxonomy":"tipo","embeddable":true,"href":"https:\/\/educatudinero.com\/ca\/wp-json\/wp\/v2\/tipo?post=958"},{"taxonomy":"product_brand","embeddable":true,"href":"https:\/\/educatudinero.com\/ca\/wp-json\/wp\/v2\/product_brand?post=958"},{"taxonomy":"product_cat","embeddable":true,"href":"https:\/\/educatudinero.com\/ca\/wp-json\/wp\/v2\/product_cat?post=958"},{"taxonomy":"product_tag","embeddable":true,"href":"https:\/\/educatudinero.com\/ca\/wp-json\/wp\/v2\/product_tag?post=958"}],"curies":[{"name":"wp","href":"https:\/\/api.w.org\/{rel}","templated":true}]}}