{"id":953,"date":"2025-12-31T15:53:05","date_gmt":"2025-12-31T14:53:05","guid":{"rendered":"https:\/\/educatudinero.com\/curso\/apren-a-invertir-destalviador-a-inversor\/"},"modified":"2026-02-12T03:01:22","modified_gmt":"2026-02-12T02:01:22","slug":"apren-a-invertir-destalviador-a-inversor","status":"publish","type":"product","link":"https:\/\/educatudinero.com\/ca\/curs\/apren-a-invertir-destalviador-a-inversor\/","title":{"rendered":"Apr\u00e8n a invertir: d&#8217;estalviador a inversor"},"content":{"rendered":"<p>En el curs <strong>Aprendre a invertir: d\u2019estalviador a inversor<\/strong>, aprendr\u00e0s a prendre decisions financeres amb m\u00e9s seny, confian\u00e7a i una perspectiva m\u00e9s \u00e0mplia. L&#8217;objectiu no \u00e9s nom\u00e9s familiaritzar-te amb diferents productes d&#8217;inversi\u00f3, sin\u00f3 tamb\u00e9 entendre com s&#8217;ajusten a la teva vida, als teus objectius i a la teva situaci\u00f3 personal o professional.<\/p>\n<p>Al llarg del programa, <strong>adquirir\u00e0s una visi\u00f3 global de la gesti\u00f3 de patrimoni<\/strong>, comen\u00e7ant per entendre el context macroecon\u00f2mic i com variables com la inflaci\u00f3, els tipus d&#8217;inter\u00e8s i el creixement econ\u00f2mic influeixen en els mercats i en les teves decisions d&#8217;inversi\u00f3. Aprendr\u00e0s a diferenciar els principals actius financers i a entendre la relaci\u00f3 risc-rendibilitat, per poder deixar d&#8217;invertir a cegues i comen\u00e7ar a fer-ho de manera met\u00f2dica.<\/p>\n<p>El curs et permetr\u00e0 <strong>aprofundir en els renda fixa,<\/strong> les accions i els fons d&#8217;inversi\u00f3, entenent com funcionen, quin paper tenen en una cartera equilibrada i com triar les opcions m\u00e9s adequades per al vostre perfil. Tamb\u00e9 aprendr\u00e0s els conceptes b\u00e0sics de la gesti\u00f3 de carteres, la diversificaci\u00f3 i la import\u00e0ncia d&#8217;adaptar la vostra estrat\u00e8gia als canvis del mercat sense perdre de vista el llarg termini.<\/p>\n<p>A m\u00e9s, aprendr\u00e0s a <strong>planificar la teva riquesa de manera hol\u00edstica<\/strong>, incorporant aspectes clau com la fiscalitat, l&#8217;optimitzaci\u00f3 d&#8217;inversions, la planificaci\u00f3 financera i la planificaci\u00f3 patrimonial. El programa tamb\u00e9 aborda q\u00fcestions actuals com la inversi\u00f3 immobili\u00e0ria, els actius criptogr\u00e0fics i l&#8217;impacte de la digitalitzaci\u00f3 i la fintech en la gesti\u00f3 de diners.<\/p>\n<p>Finalment, descobrir\u00e0s com la <strong>psicologia i les finances conductuals influeixen en les teves decisions<\/strong>, identificant els biaixos i les emocions que poden jugar en contra teva. Al final del curs, tindr\u00e0s les eines necess\u00e0ries per passar de ser un estalviador reactiu a un inversor conscient, capa\u00e7 de construir benestar financer en la teva vida quotidiana amb coneixement i confian\u00e7a.<\/p>\n","protected":false},"excerpt":{"rendered":"<p>El curs &#8220;Apr\u00e8n a invertir: d&#8217;estalviador a inversor&#8221; est\u00e0 dissenyat com un itinerari formatiu 100% en l\u00ednia, estructurat en 10 m\u00f2duls seq\u00fcencials, amb l&#8217;objectiu d&#8217;acompanyar l&#8217;alumne des de conceptes b\u00e0sics d&#8217;estalvi fins al coneixement integral de les principals \u00e0rees de la inversi\u00f3 financera.<\/p>\n","protected":false},"featured_media":1508,"comment_status":"open","ping_status":"closed","template":"","meta":{"_acf_changed":false,"content-type":"","inline_featured_image":false,"_uag_custom_page_level_css":"","site-sidebar-layout":"default","site-content-layout":"","ast-site-content-layout":"default","site-content-style":"default","site-sidebar-style":"default","ast-global-header-display":"","ast-banner-title-visibility":"","ast-main-header-display":"","ast-hfb-above-header-display":"","ast-hfb-below-header-display":"","ast-hfb-mobile-header-display":"","site-post-title":"","ast-breadcrumbs-content":"","ast-featured-img":"","footer-sml-layout":"","ast-disable-related-posts":"","theme-transparent-header-meta":"default","adv-header-id-meta":"","stick-header-meta":"default","header-above-stick-meta":"","header-main-stick-meta":"","header-below-stick-meta":"","astra-migrate-meta-layouts":"set","ast-page-background-enabled":"default","ast-page-background-meta":{"desktop":{"background-color":"var(--ast-global-color-5)","background-image":"","background-repeat":"repeat","background-position":"center center","background-size":"auto","background-attachment":"scroll","background-type":"","background-media":"","overlay-type":"","overlay-color":"","overlay-opacity":"","overlay-gradient":""},"tablet":{"background-color":"","background-image":"","background-repeat":"repeat","background-position":"center center","background-size":"auto","background-attachment":"scroll","background-type":"","background-media":"","overlay-type":"","overlay-color":"","overlay-opacity":"","overlay-gradient":""},"mobile":{"background-color":"","background-image":"","background-repeat":"repeat","background-position":"center center","background-size":"auto","background-attachment":"scroll","background-type":"","background-media":"","overlay-type":"","overlay-color":"","overlay-opacity":"","overlay-gradient":""}},"ast-content-background-meta":{"desktop":{"background-color":"var(--ast-global-color-4)","background-image":"","background-repeat":"repeat","background-position":"center center","background-size":"auto","background-attachment":"scroll","background-type":"","background-media":"","overlay-type":"","overlay-color":"","overlay-opacity":"","overlay-gradient":""},"tablet":{"background-color":"var(--ast-global-color-4)","background-image":"","background-repeat":"repeat","background-position":"center center","background-size":"auto","background-attachment":"scroll","background-type":"","background-media":"","overlay-type":"","overlay-color":"","overlay-opacity":"","overlay-gradient":""},"mobile":{"background-color":"var(--ast-global-color-4)","background-image":"","background-repeat":"repeat","background-position":"center center","background-size":"auto","background-attachment":"scroll","background-type":"","background-media":"","overlay-type":"","overlay-color":"","overlay-opacity":"","overlay-gradient":""}}},"tipo":[],"product_brand":[],"product_cat":[31],"product_tag":[],"class_list":{"0":"post-953","1":"product","2":"type-product","3":"status-publish","4":"has-post-thumbnail","6":"product_cat-sin-categoria","7":"desktop-align-left","8":"tablet-align-left","9":"mobile-align-left","10":"ast-product-gallery-layout-horizontal-slider","11":"ast-product-gallery-with-no-image","12":"ast-product-tabs-layout-horizontal","14":"first","15":"instock","16":"featured","17":"virtual","18":"sold-individually","19":"taxable","20":"purchasable","21":"product-type-simple"},"acf":[],"uagb_featured_image_src":{"full":["https:\/\/educatudinero.com\/wp-content\/uploads\/Curso20portada20CAT.png",1024,1024,false],"thumbnail":["https:\/\/educatudinero.com\/wp-content\/uploads\/Curso20portada20CAT-300x300.png",300,300,true],"medium":["https:\/\/educatudinero.com\/wp-content\/uploads\/Curso20portada20CAT-600x600.png",600,600,true],"medium_large":["https:\/\/educatudinero.com\/wp-content\/uploads\/Curso20portada20CAT-768x768.png",768,768,true],"large":["https:\/\/educatudinero.com\/wp-content\/uploads\/Curso20portada20CAT.png",1024,1024,false],"1536x1536":["https:\/\/educatudinero.com\/wp-content\/uploads\/Curso20portada20CAT.png",1024,1024,false],"2048x2048":["https:\/\/educatudinero.com\/wp-content\/uploads\/Curso20portada20CAT.png",1024,1024,false],"woocommerce_thumbnail":["https:\/\/educatudinero.com\/wp-content\/uploads\/Curso20portada20CAT-300x300.png",300,300,true],"woocommerce_single":["https:\/\/educatudinero.com\/wp-content\/uploads\/Curso20portada20CAT-600x600.png",600,600,true],"woocommerce_gallery_thumbnail":["https:\/\/educatudinero.com\/wp-content\/uploads\/Curso20portada20CAT-100x100.png",100,100,true]},"uagb_author_info":{"display_name":"joanraez","author_link":"https:\/\/educatudinero.com\/ca\/author\/"},"uagb_comment_info":0,"uagb_excerpt":"El curs \"Apr\u00e8n a invertir: d'estalviador a inversor\" est\u00e0 dissenyat com un itinerari formatiu 100% en l\u00ednia, estructurat en 10 m\u00f2duls seq\u00fcencials, amb l'objectiu d'acompanyar l'alumne des de conceptes b\u00e0sics d'estalvi fins al coneixement integral de les principals \u00e0rees de la inversi\u00f3 financera.","_links":{"self":[{"href":"https:\/\/educatudinero.com\/ca\/wp-json\/wp\/v2\/product\/953","targetHints":{"allow":["GET"]}}],"collection":[{"href":"https:\/\/educatudinero.com\/ca\/wp-json\/wp\/v2\/product"}],"about":[{"href":"https:\/\/educatudinero.com\/ca\/wp-json\/wp\/v2\/types\/product"}],"replies":[{"embeddable":true,"href":"https:\/\/educatudinero.com\/ca\/wp-json\/wp\/v2\/comments?post=953"}],"wp:featuredmedia":[{"embeddable":true,"href":"https:\/\/educatudinero.com\/ca\/wp-json\/wp\/v2\/media\/1508"}],"wp:attachment":[{"href":"https:\/\/educatudinero.com\/ca\/wp-json\/wp\/v2\/media?parent=953"}],"wp:term":[{"taxonomy":"tipo","embeddable":true,"href":"https:\/\/educatudinero.com\/ca\/wp-json\/wp\/v2\/tipo?post=953"},{"taxonomy":"product_brand","embeddable":true,"href":"https:\/\/educatudinero.com\/ca\/wp-json\/wp\/v2\/product_brand?post=953"},{"taxonomy":"product_cat","embeddable":true,"href":"https:\/\/educatudinero.com\/ca\/wp-json\/wp\/v2\/product_cat?post=953"},{"taxonomy":"product_tag","embeddable":true,"href":"https:\/\/educatudinero.com\/ca\/wp-json\/wp\/v2\/product_tag?post=953"}],"curies":[{"name":"wp","href":"https:\/\/api.w.org\/{rel}","templated":true}]}}