{"id":2173,"date":"2025-12-17T12:55:22","date_gmt":"2025-12-17T11:55:22","guid":{"rendered":"https:\/\/educatudinero.com\/qui-som\/"},"modified":"2026-03-04T13:55:43","modified_gmt":"2026-03-04T12:55:43","slug":"qui-som","status":"publish","type":"page","link":"https:\/\/educatudinero.com\/ca\/qui-som\/","title":{"rendered":"Qui som"},"content":{"rendered":"\n<div class=\"wp-block-uagb-container uagb-block-ae2e4367 alignfull uagb-is-root-container\"><div class=\"uagb-container-inner-blocks-wrap\">\n<div class=\"wp-block-uagb-container etd_center_container uagb-block-19c17b87 default uagb-is-root-container\">\n<div class=\"wp-block-uagb-advanced-heading uagb-block-e2878ab5\"><h1 class=\"uagb-heading-text\">Qui som<\/h1><p class=\"uagb-desc-text\">Benvingut al Benestar Financer<\/p><\/div>\n<\/div>\n<\/div><\/div>\n\n<div class=\"wp-block-uagb-container uagb-block-189eb50a default uagb-is-root-container\">\n<div class=\"wp-block-uagb-advanced-heading uagb-block-6ad6a53f\"><div class=\"uagb-heading-text\">En <strong>ETD<\/strong> creiem que la salut no \u00e9s nom\u00e9s f\u00edsica o mental, sin\u00f3 tamb\u00e9 financera. El que va comen\u00e7ar com un <strong>espai de difusi\u00f3<\/strong> en el micr\u00f2fon s&#8217;ha convertit en una <strong>plataforma integral de formaci\u00f3 <\/strong>i suport per a ajudar-te a prendre el control de les teves finances.<br\/><\/div><\/div>\n<\/div>\n\n<section class=\"wp-block-uagb-container uagb-block-gugfuzac alignfull uagb-is-root-container\"><div class=\"uagb-container-inner-blocks-wrap\">\n<div class=\"wp-block-uagb-info-box uagb-block-hrbxvqyr uagb-infobox__content-wrap  uagb-infobox-icon-above-title uagb-infobox-image-valign-top\"><div class=\"uagb-ifb-content\"><div class=\"uagb-ifb-title-wrap\"><h2 class=\"uagb-ifb-title\">El nostre Comprom\u00eds<\/h2><\/div><p class=\"uagb-ifb-desc\">Volem que deixis de preocupar-te pels diners i comencis a gaudir de la tranquil\u00b7litat que et dona tenir un pla. Tant si ens escoltes de cam\u00ed al gimn\u00e0s com si t&#8217;inscrius en un dels nostres cursos en profunditat, el nostre objectiu \u00e9s el mateix: ajudar-te a millorar la teva salut financera.<br\/><\/p><\/div><\/div>\n\n\n\n<div class=\"wp-block-uagb-container uagb-block-befposgp\">\n<div class=\"wp-block-uagb-container uagb-block-jnsvo3p6\">\n<div class=\"wp-block-uagb-container uagb-block-8jzus2x0\">\n<div class=\"wp-block-uagb-advanced-heading uagb-block-3uwg3t7f\"><h3 class=\"uagb-heading-text\">Qui som?<\/h3><\/div>\n<\/div>\n\n\n\n<div class=\"wp-block-uagb-container uagb-block-ochpca3r\">\n<div class=\"wp-block-uagb-advanced-heading uagb-block-puusic52\"><p class=\"uagb-heading-text\">Som una iniciativa de l&#8217;Institut d&#8217;Estudis Financers (IEF) amb la missi\u00f3 de desmitificar les finances i fer-les accessibles, comprensibles i, sobretot, pr\u00e0ctiques per a tots. Evitem l&#8217;argot complex per a centrar-nos en el que realment importa: fer que els teus diners treballi per a tu, i no al rev\u00e9s.<\/p><\/div>\n<\/div>\n<\/div>\n\n\n\n<div class=\"wp-block-uagb-container uagb-block-hgsp4ml3\">\n<div class=\"wp-block-uagb-container uagb-block-zk2zegy4\">\n<div class=\"wp-block-uagb-advanced-heading uagb-block-klimu1w4\"><h3 class=\"uagb-heading-text\">Qu\u00e8 fem?<\/h3><\/div>\n<\/div>\n\n\n\n<div class=\"wp-block-uagb-container uagb-block-e9vv95tj\">\n<div class=\"wp-block-uagb-advanced-heading uagb-block-apywnbe7\"><p class=\"uagb-heading-text\"><strong>El p\u00f2dcast: la teva cita setmanal amb el benestar<\/strong><br\/>Amb m\u00e9s de 80 episodis i classificat entre els p\u00f2dcasts de finances m\u00e9s escoltats, \u00abEduca els teus Diners\u00bb \u00e9s el teu espai d&#8217;aprenentatge en \u00e0udio, presentat per Borja Nicolau. Entrevistem experts del sector per a descobrir els secrets de la inversi\u00f3, l&#8217;estalvi, la fiscalitat i la psicologia dels diners.<\/p><\/div>\n<\/div>\n<\/div>\n\n\n\n<div class=\"wp-block-uagb-container uagb-block-e10964e4\">\n<div class=\"wp-block-uagb-container uagb-block-5fcba6db\">\n<div class=\"wp-block-uagb-advanced-heading uagb-block-c52c6688\"><h3 class=\"uagb-heading-text\">Formaci\u00f3: de la teoria a lacci\u00f3<\/h3><\/div>\n<\/div>\n\n\n\n<div class=\"wp-block-uagb-container uagb-block-5e3144f1\">\n<div class=\"wp-block-uagb-advanced-heading uagb-block-1d6a4c44\"><p class=\"uagb-heading-text\">Hem fet un pas m\u00e9s. Ara, a m\u00e9s d&#8217;escoltar-nos, pots formar-te amb nosaltres. Hem dissenyat cursos pr\u00e0ctics per a aquells que volen passar a l&#8217;acci\u00f3:<\/p><\/div>\n<\/div>\n<\/div>\n<\/div>\n<\/div><\/section>\n\n<section class=\"wp-block-uagb-container uagb-block-aj5kmcjg alignfull uagb-is-root-container\"><div class=\"uagb-container-inner-blocks-wrap\">\n<div class=\"wp-block-uagb-image alignleft uagb-block-annjaovu wp-block-uagb-image--layout-default wp-block-uagb-image--effect-static wp-block-uagb-image--align-left\"><figure class=\"wp-block-uagb-image__figure\"><img decoding=\"async\" srcset=\"https:\/\/etd-dev.host3ip.eu\/wp-content\/uploads\/cursos-financiera-e1768311832875.jpg ,https:\/\/etd-dev.host3ip.eu\/wp-content\/uploads\/cursos-financiera-e1768311832875.jpg 780w, https:\/\/etd-dev.host3ip.eu\/wp-content\/uploads\/cursos-financiera-e1768311832875.jpg 360w\" sizes=\"auto, (max-width: 480px) 150px\" src=\"https:\/\/etd-dev.host3ip.eu\/wp-content\/uploads\/cursos-financiera-e1768311832875.jpg\" alt=\"\" class=\"uag-image-602\" width=\"564\" height=\"800\" title=\"\" loading=\"lazy\" role=\"img\"><\/figure><\/div>\n\n\n\n<div class=\"wp-block-uagb-container uagb-block-sod3dijx\">\n<div class=\"wp-block-uagb-info-box uagb-block-mi8gchd7 uagb-infobox__content-wrap  uagb-infobox-icon-above-title uagb-infobox-image-valign-top\"><div class=\"uagb-ifb-content\"><div class=\"uagb-ifb-title-wrap\"><h2 class=\"uagb-ifb-title\">El nostre comprom\u00eds<br\/><\/h2><\/div><p class=\"uagb-ifb-desc\">Volem que deixis de preocupar-te pels diners i comencis a gaudir de la tranquil\u00b7litat que et dona tenir un pla. Tanto si nos escuchas de camino al gimnasio como si te inscribes en uno de nuestros cursos en profundidad, nuestro objetivo es el mismo: ayudarte a mejorar tu salud financiera.<\/p><\/div><\/div>\n\n\n\n<div class=\"wp-block-uagb-info-box uagb-block-mjtyhjz0 uagb-infobox__content-wrap  uagb-infobox-icon-left uagb-infobox-left uagb-infobox-image-valign-top\"><div class=\"uagb-ifb-icon-wrap\"><div class=\"uagb-iconbox-icon-wrap uagb-infobox-shape-circle\"><svg xmlns=\"https:\/\/www.w3.org\/2000\/svg\" viewbox=\"0 0 448 512\"><path d=\"M438.6 105.4C451.1 117.9 451.1 138.1 438.6 150.6L182.6 406.6C170.1 419.1 149.9 419.1 137.4 406.6L9.372 278.6C-3.124 266.1-3.124 245.9 9.372 233.4C21.87 220.9 42.13 220.9 54.63 233.4L159.1 338.7L393.4 105.4C405.9 92.88 426.1 92.88 438.6 105.4H438.6z\"><\/path><\/svg><\/div><\/div><div class=\"uagb-ifb-content\"><div class=\"uagb-ifb-title-wrap\"><h3 class=\"uagb-ifb-title\"><strong>Metodologia pr\u00e0ctica:<\/strong><\/h3><\/div><p class=\"uagb-ifb-desc\">Continguts que podeu aplicar des del primer dia.<\/p><\/div><\/div>\n\n\n\n<div class=\"wp-block-uagb-info-box uagb-block-pxe0pnkb uagb-infobox__content-wrap  uagb-infobox-icon-left uagb-infobox-left uagb-infobox-image-valign-top\"><div class=\"uagb-ifb-icon-wrap\"><div class=\"uagb-iconbox-icon-wrap uagb-infobox-shape-circle\"><svg xmlns=\"https:\/\/www.w3.org\/2000\/svg\" viewbox=\"0 0 448 512\"><path d=\"M438.6 105.4C451.1 117.9 451.1 138.1 438.6 150.6L182.6 406.6C170.1 419.1 149.9 419.1 137.4 406.6L9.372 278.6C-3.124 266.1-3.124 245.9 9.372 233.4C21.87 220.9 42.13 220.9 54.63 233.4L159.1 338.7L393.4 105.4C405.9 92.88 426.1 92.88 438.6 105.4H438.6z\"><\/path><\/svg><\/div><\/div><div class=\"uagb-ifb-content\"><div class=\"uagb-ifb-title-wrap\"><h4 class=\"uagb-ifb-title\"><strong>Experi\u00e8ncia de l&#8217;IEF:<\/strong><\/h4><\/div><p class=\"uagb-ifb-desc\">Tot el rigor acad\u00e8mic de l\u00b4Institut d\u00b4Estudis Financers, adaptat al m\u00f3n real.<\/p><\/div><\/div>\n\n\n\n<div class=\"wp-block-uagb-info-box uagb-block-7f69dc5b uagb-infobox__content-wrap  uagb-infobox-icon-left uagb-infobox-left uagb-infobox-image-valign-top\"><div class=\"uagb-ifb-icon-wrap\"><div class=\"uagb-iconbox-icon-wrap uagb-infobox-shape-circle\"><svg xmlns=\"https:\/\/www.w3.org\/2000\/svg\" viewbox=\"0 0 448 512\"><path d=\"M438.6 105.4C451.1 117.9 451.1 138.1 438.6 150.6L182.6 406.6C170.1 419.1 149.9 419.1 137.4 406.6L9.372 278.6C-3.124 266.1-3.124 245.9 9.372 233.4C21.87 220.9 42.13 220.9 54.63 233.4L159.1 338.7L393.4 105.4C405.9 92.88 426.1 92.88 438.6 105.4H438.6z\"><\/path><\/svg><\/div><\/div><div class=\"uagb-ifb-content\"><div class=\"uagb-ifb-title-wrap\"><h4 class=\"uagb-ifb-title\"><strong>Flexibilitat:<\/strong><\/h4><\/div><p class=\"uagb-ifb-desc\">Apr\u00e8n al teu ritme, amb el suport de professionals en actiu.<\/p><\/div><\/div>\n<\/div>\n<\/div><\/section>\n","protected":false},"excerpt":{"rendered":"<p>Qui som Benvingut al Benestar Financer En ETD creiem que la salut no \u00e9s nom\u00e9s f\u00edsica o mental, sin\u00f3 tamb\u00e9 [&hellip;]<\/p>\n","protected":false},"author":1,"featured_media":0,"parent":0,"menu_order":0,"comment_status":"closed","ping_status":"closed","template":"","meta":{"_acf_changed":false,"content-type":"","inline_featured_image":false,"_uag_custom_page_level_css":"","site-sidebar-layout":"default","site-content-layout":"","ast-site-content-layout":"default","site-content-style":"default","site-sidebar-style":"default","ast-global-header-display":"","ast-banner-title-visibility":"disabled","ast-main-header-display":"","ast-hfb-above-header-display":"","ast-hfb-below-header-display":"","ast-hfb-mobile-header-display":"","site-post-title":"","ast-breadcrumbs-content":"","ast-featured-img":"","footer-sml-layout":"","ast-disable-related-posts":"","theme-transparent-header-meta":"","adv-header-id-meta":"","stick-header-meta":"","header-above-stick-meta":"","header-main-stick-meta":"","header-below-stick-meta":"","astra-migrate-meta-layouts":"default","ast-page-background-enabled":"default","ast-page-background-meta":{"desktop":{"background-color":"var(--ast-global-color-5)","background-image":"","background-repeat":"repeat","background-position":"center center","background-size":"auto","background-attachment":"scroll","background-type":"","background-media":"","overlay-type":"","overlay-color":"","overlay-opacity":"","overlay-gradient":""},"tablet":{"background-color":"","background-image":"","background-repeat":"repeat","background-position":"center center","background-size":"auto","background-attachment":"scroll","background-type":"","background-media":"","overlay-type":"","overlay-color":"","overlay-opacity":"","overlay-gradient":""},"mobile":{"background-color":"","background-image":"","background-repeat":"repeat","background-position":"center center","background-size":"auto","background-attachment":"scroll","background-type":"","background-media":"","overlay-type":"","overlay-color":"","overlay-opacity":"","overlay-gradient":""}},"ast-content-background-meta":{"desktop":{"background-color":"var(--ast-global-color-4)","background-image":"","background-repeat":"repeat","background-position":"center center","background-size":"auto","background-attachment":"scroll","background-type":"","background-media":"","overlay-type":"","overlay-color":"","overlay-opacity":"","overlay-gradient":""},"tablet":{"background-color":"var(--ast-global-color-4)","background-image":"","background-repeat":"repeat","background-position":"center center","background-size":"auto","background-attachment":"scroll","background-type":"","background-media":"","overlay-type":"","overlay-color":"","overlay-opacity":"","overlay-gradient":""},"mobile":{"background-color":"var(--ast-global-color-4)","background-image":"","background-repeat":"repeat","background-position":"center center","background-size":"auto","background-attachment":"scroll","background-type":"","background-media":"","overlay-type":"","overlay-color":"","overlay-opacity":"","overlay-gradient":""}},"footnotes":""},"class_list":["post-2173","page","type-page","status-publish","hentry"],"acf":[],"uagb_featured_image_src":{"full":false,"thumbnail":false,"medium":false,"medium_large":false,"large":false,"1536x1536":false,"2048x2048":false,"woocommerce_thumbnail":false,"woocommerce_single":false,"woocommerce_gallery_thumbnail":false},"uagb_author_info":{"display_name":"joanraez","author_link":"https:\/\/educatudinero.com\/ca\/author\/joanraez\/"},"uagb_comment_info":0,"uagb_excerpt":"Qui som Benvingut al Benestar Financer En ETD creiem que la salut no \u00e9s nom\u00e9s f\u00edsica o mental, sin\u00f3 tamb\u00e9 [&hellip;]","_links":{"self":[{"href":"https:\/\/educatudinero.com\/ca\/wp-json\/wp\/v2\/pages\/2173","targetHints":{"allow":["GET"]}}],"collection":[{"href":"https:\/\/educatudinero.com\/ca\/wp-json\/wp\/v2\/pages"}],"about":[{"href":"https:\/\/educatudinero.com\/ca\/wp-json\/wp\/v2\/types\/page"}],"author":[{"embeddable":true,"href":"https:\/\/educatudinero.com\/ca\/wp-json\/wp\/v2\/users\/1"}],"replies":[{"embeddable":true,"href":"https:\/\/educatudinero.com\/ca\/wp-json\/wp\/v2\/comments?post=2173"}],"version-history":[{"count":1,"href":"https:\/\/educatudinero.com\/ca\/wp-json\/wp\/v2\/pages\/2173\/revisions"}],"predecessor-version":[{"id":2178,"href":"https:\/\/educatudinero.com\/ca\/wp-json\/wp\/v2\/pages\/2173\/revisions\/2178"}],"wp:attachment":[{"href":"https:\/\/educatudinero.com\/ca\/wp-json\/wp\/v2\/media?parent=2173"}],"curies":[{"name":"wp","href":"https:\/\/api.w.org\/{rel}","templated":true}]}}