{"id":1128,"date":"2025-12-17T12:55:22","date_gmt":"2025-12-17T11:55:22","guid":{"rendered":"https:\/\/educatudinero.com\/politica-de-privacitat\/"},"modified":"2026-01-28T09:01:31","modified_gmt":"2026-01-28T08:01:31","slug":"politica-de-privacitat","status":"publish","type":"page","link":"https:\/\/educatudinero.com\/ca\/politica-de-privacitat\/","title":{"rendered":"Pol\u00edtica de privacitat"},"content":{"rendered":"\n<h2 class=\"wp-block-heading\"><strong>1. INFORMACI\u00d3 A L&#8217;ALUMNE<\/strong><\/h2>\n\n<p><strong>FUNDACI\u00d3 PRIVADA INSTITUT D\u2019ESTUDIS FINANCERS<\/strong>, en endavant RESPONSABLE, \u00e9s el Responsable del tractament de les dades personals de l&#8217;Usuari i li informa que aquestes dades seran tractades de conformitat amb el que disposa el Reglament (UE) 2016\/679 de 27 d&#8217;abril (GDPR) i la Llei Org\u00e0nica 3\/20 la seg\u00fcent informaci\u00f3 del tractament:<\/p>\n\n<ul class=\"wp-block-list\">\n<li><strong>Fin&nbsp;del&nbsp;tratamiento<\/strong>:&nbsp;mantener&nbsp;una&nbsp;relaci\u00f3n&nbsp;comercial&nbsp;con&nbsp;el&nbsp;Usuario.&nbsp;Las&nbsp;operaciones&nbsp;previstas&nbsp;para&nbsp;realizar el tratamiento son:\n<ul class=\"wp-block-list\">\n<li>Enviament per part del RESPONSABLE els comunicats i documentaci\u00f3 necess\u00e0ria per a la impartici\u00f3, seguiment i avaluaci\u00f3 del curs a qu\u00e8 s&#8217;ha matriculat, mitjan\u00e7ant e-mail, fax, SMS, MMS, comunitats socials o qualsevol altre mitj\u00e0 electr\u00f2nic o f\u00edsic, present o futur, que permeti realitzar la finalitat indicada per l&#8217;alumne. Presa de contacte per part dels professors i del tutor del curs, sempre a trav\u00e9s del RESPONSABLE, per resoldre problemes i soluci\u00f3 de demandes plantejades per l&#8217;alumne relacionades amb el curs<\/li>\n\n\n\n<li>Rebre comunicacions comercials publicit\u00e0ries relacionades amb productes i serveis relacionats amb la tem\u00e0tica del curs a qu\u00e8 s&#8217;ha matriculat, o amb els seus col\u00b7laboradors o prove\u00efdors, amb qu\u00e8 hagi arribat a algun acord de promoci\u00f3.<\/li>\n\n\n\n<li>En aquest darrer dos casos, els tercers mai no tindran acc\u00e9s a les dades personals.<\/li>\n\n\n\n<li>Efectuar estudis estad\u00edstics.<\/li>\n\n\n\n<li>Tramitar enc\u00e0rrecs, sol\u00b7licituds o qualsevol tipus de petici\u00f3 efectuada per l&#8217;usuari a trav\u00e9s de qualsevol de les formes de contacte que es posen a la vostra disposici\u00f3.<\/li>\n<\/ul>\n<\/li>\n\n\n\n<li><strong>Base jur\u00eddica del tractament:<\/strong> consentiment de linteressat.<\/li>\n\n\n\n<li><strong>Criteris de conservaci\u00f3 de les dades: <\/strong>es conservaran durant no m\u00e9s temps del necessari per mantenir la fi del tractament i quan ja no sigui necessari amb aquesta finalitat, se suprimiran amb mesures de seguretat adequades per garantir la pseudonimitzaci\u00f3 de les dades o la destrucci\u00f3 total de les dades.<\/li>\n\n\n\n<li><strong>Comunicaci\u00f3 de les dades:<\/strong> no es comunicaran les dades a tercers, excepte obligaci\u00f3 legal.<\/li>\n\n\n\n<li><strong>Drets que assisteixen a l&#8217;Usuari:<\/strong>\n<ul class=\"wp-block-list\">\n<li>Dret a retirar el consentiment en qualsevol moment.<\/li>\n\n\n\n<li>Dret d&#8217;acc\u00e9s, rectificaci\u00f3, portabilitat i supressi\u00f3 de les vostres dades ia la limitaci\u00f3 o oposici\u00f3 al tractament.<\/li>\n\n\n\n<li>Dret a presentar una reclamaci\u00f3 davant de l&#8217;autoritat de control (www.aepd.es) si considera que el tractament no s&#8217;ajusta a la normativa vigent.<\/li>\n<\/ul>\n<\/li>\n<\/ul>\n\n<p><strong>Dades de contacte per exercir els seus drets:<\/strong><\/p>\n\n<p>FUNDACIO PRIVADA INSTITUT D\u2019ESTUDIS FINANCERS.<br\/><strong>C.I.F.:<\/strong> G59190850<\/p>\n\n<p>Av. Diagonal 452, 3a planta, 08006 Barcelona. Email: <a href=\"mailto:ief@iefweb.org\">ief@iefweb.org<\/a> <\/p>\n\n<p>Inscrita amb el n\u00famero 533 al Registre de Fundacions de la Generalitat de Catalunya, per resoluci\u00f3 de 29 de maig de 1991 i classificada com a ben\u00e8fica de tipus cultural.<\/p>\n\n<h2 class=\"wp-block-heading\"><strong>2. CAR\u00c0CTER OBLIGATORI O FACULTATIU DE LA INFORMACI\u00d3 FACILITADA PER L&#8217;USUARI<\/strong><\/h2>\n\n<p>Els Usuaris, mitjan\u00e7ant la marcaci\u00f3 de les caselles corresponents i entrada de dades als camps, marcats amb un asterisc (*) al formulari de contacte o presentats en formularis de desc\u00e0rrega, accepten expressament i de forma lliure i inequ\u00edvoca, que les seves dades s\u00f3n necess\u00e0ries per atendre la seva petici\u00f3, per part del prestador, sent volunt\u00e0ria la inclusi\u00f3 de dades en els camps. L&#8217;Usuari garanteix que les dades personals facilitades al RESPONSABLE s\u00f3n veraces i es fa responsable de comunicar-ne qualsevol modificaci\u00f3.<\/p>\n\n<p>El RESPONSABLE informa i garanteix expressament als usuaris que les seves dades personals no seran cedides en cap cas a tercers, i que sempre que hi hagi algun tipus de cessi\u00f3 de dades personals, es demanar\u00e0 pr\u00e8viament el consentiment expr\u00e9s, informat i inequ\u00edvoc per part dels Usuaris. Totes les dades sol\u00b7licitades a trav\u00e9s del lloc web s\u00f3n obligat\u00f2ries, ja que s\u00f3n necess\u00e0ries per a la prestaci\u00f3 d&#8217;un servei \u00f2ptim a l&#8217;usuari. En cas que no siguin facilitades totes les dades, no es garanteix que la informaci\u00f3 i els serveis facilitats siguin completament ajustats a les seves necessitats.<\/p>\n\n<h2 class=\"wp-block-heading\"><strong>3. MESURES DE SEGURETAT<\/strong><\/h2>\n\n<p>Que de conformitat amb el que disposen les normatives vigents en protecci\u00f3 de dades personals, el RESPONSABLE est\u00e0 complint amb totes les disposicions de les normatives GDPR per al tractament de les dades personals de la seva responsabilitat, i manifestament amb els principis descrits a l&#8217;article 5 del GDPR, pels quals s\u00f3n tractats de manera l\u00edcita, lleial i transparent en relaci\u00f3 amb l&#8217;interessat i adequat que s\u00f3n tractats.<\/p>\n\n<p>El RESPONSABLE garanteix que ha implementat pol\u00edtiques t\u00e8cniques i organitzatives apropiades per aplicar les mesures de seguretat que estableixen el GDPR per tal de protegir els drets i les llibertats dels Usuaris i els ha comunicat la informaci\u00f3 adequada perqu\u00e8 puguin exercir-los.<\/p>\n","protected":false},"excerpt":{"rendered":"<p>1. INFORMACI\u00d3 A L&#8217;ALUMNE FUNDACI\u00d3 PRIVADA INSTITUT D\u2019ESTUDIS FINANCERS, en endavant RESPONSABLE, \u00e9s el Responsable del tractament de les dades [&hellip;]<\/p>\n","protected":false},"author":1,"featured_media":0,"parent":0,"menu_order":0,"comment_status":"closed","ping_status":"closed","template":"page-legal.php","meta":{"_acf_changed":false,"content-type":"","inline_featured_image":false,"_uag_custom_page_level_css":"","site-sidebar-layout":"default","site-content-layout":"","ast-site-content-layout":"default","site-content-style":"default","site-sidebar-style":"default","ast-global-header-display":"","ast-banner-title-visibility":"","ast-main-header-display":"","ast-hfb-above-header-display":"","ast-hfb-below-header-display":"","ast-hfb-mobile-header-display":"","site-post-title":"","ast-breadcrumbs-content":"","ast-featured-img":"","footer-sml-layout":"","ast-disable-related-posts":"","theme-transparent-header-meta":"","adv-header-id-meta":"","stick-header-meta":"","header-above-stick-meta":"","header-main-stick-meta":"","header-below-stick-meta":"","astra-migrate-meta-layouts":"default","ast-page-background-enabled":"default","ast-page-background-meta":{"desktop":{"background-color":"var(--ast-global-color-5)","background-image":"","background-repeat":"repeat","background-position":"center center","background-size":"auto","background-attachment":"scroll","background-type":"","background-media":"","overlay-type":"","overlay-color":"","overlay-opacity":"","overlay-gradient":""},"tablet":{"background-color":"","background-image":"","background-repeat":"repeat","background-position":"center center","background-size":"auto","background-attachment":"scroll","background-type":"","background-media":"","overlay-type":"","overlay-color":"","overlay-opacity":"","overlay-gradient":""},"mobile":{"background-color":"","background-image":"","background-repeat":"repeat","background-position":"center center","background-size":"auto","background-attachment":"scroll","background-type":"","background-media":"","overlay-type":"","overlay-color":"","overlay-opacity":"","overlay-gradient":""}},"ast-content-background-meta":{"desktop":{"background-color":"var(--ast-global-color-4)","background-image":"","background-repeat":"repeat","background-position":"center center","background-size":"auto","background-attachment":"scroll","background-type":"","background-media":"","overlay-type":"","overlay-color":"","overlay-opacity":"","overlay-gradient":""},"tablet":{"background-color":"var(--ast-global-color-4)","background-image":"","background-repeat":"repeat","background-position":"center center","background-size":"auto","background-attachment":"scroll","background-type":"","background-media":"","overlay-type":"","overlay-color":"","overlay-opacity":"","overlay-gradient":""},"mobile":{"background-color":"var(--ast-global-color-4)","background-image":"","background-repeat":"repeat","background-position":"center center","background-size":"auto","background-attachment":"scroll","background-type":"","background-media":"","overlay-type":"","overlay-color":"","overlay-opacity":"","overlay-gradient":""}},"footnotes":""},"class_list":["post-1128","page","type-page","status-publish","hentry"],"acf":[],"uagb_featured_image_src":{"full":false,"thumbnail":false,"medium":false,"medium_large":false,"large":false,"1536x1536":false,"2048x2048":false,"woocommerce_thumbnail":false,"woocommerce_single":false,"woocommerce_gallery_thumbnail":false},"uagb_author_info":{"display_name":"joanraez","author_link":"https:\/\/educatudinero.com\/ca\/author\/joanraez\/"},"uagb_comment_info":0,"uagb_excerpt":"1. INFORMACI\u00d3 A L&#8217;ALUMNE FUNDACI\u00d3 PRIVADA INSTITUT D\u2019ESTUDIS FINANCERS, en endavant RESPONSABLE, \u00e9s el Responsable del tractament de les dades [&hellip;]","_links":{"self":[{"href":"https:\/\/educatudinero.com\/ca\/wp-json\/wp\/v2\/pages\/1128","targetHints":{"allow":["GET"]}}],"collection":[{"href":"https:\/\/educatudinero.com\/ca\/wp-json\/wp\/v2\/pages"}],"about":[{"href":"https:\/\/educatudinero.com\/ca\/wp-json\/wp\/v2\/types\/page"}],"author":[{"embeddable":true,"href":"https:\/\/educatudinero.com\/ca\/wp-json\/wp\/v2\/users\/1"}],"replies":[{"embeddable":true,"href":"https:\/\/educatudinero.com\/ca\/wp-json\/wp\/v2\/comments?post=1128"}],"version-history":[{"count":1,"href":"https:\/\/educatudinero.com\/ca\/wp-json\/wp\/v2\/pages\/1128\/revisions"}],"predecessor-version":[{"id":1129,"href":"https:\/\/educatudinero.com\/ca\/wp-json\/wp\/v2\/pages\/1128\/revisions\/1129"}],"wp:attachment":[{"href":"https:\/\/educatudinero.com\/ca\/wp-json\/wp\/v2\/media?parent=1128"}],"curies":[{"name":"wp","href":"https:\/\/api.w.org\/{rel}","templated":true}]}}