{"id":1088,"date":"2026-01-21T18:57:53","date_gmt":"2026-01-21T17:57:53","guid":{"rendered":"https:\/\/educatudinero.com\/termes-i-condicions\/"},"modified":"2026-01-27T15:00:52","modified_gmt":"2026-01-27T14:00:52","slug":"termes-i-condicions","status":"publish","type":"page","link":"https:\/\/educatudinero.com\/ca\/termes-i-condicions\/","title":{"rendered":"Termes i condicions"},"content":{"rendered":"\n<!-- This legal document was generated by Complianz Terms &amp; Conditions https:\/\/wordpress.org\/plugins\/complianz-terms-conditions -->\n<div id=\"cmplz-document\" class=\"cmplz-document cmplz-terms-conditions \"><p><i>Els Termes i condicions es van actualitzar per \u00faltima vegada el 21\/01\/2026<\/i><\/p><h2>1. Introducci\u00f3<\/h2><p>Aquests Termes i condicions s&#8217;apliquen a aquest lloc web i a les transaccions relacionades amb els nostres productes i serveis.&nbsp;\u00c9s possible que estigui vinculat per contractes addicionals relacionats amb la seva relaci\u00f3 amb nosaltres o amb qualsevol producte o servei que rebeu de nosaltres.&nbsp;Si alguna disposici\u00f3 dels contractes addicionals entra en conflicte amb qualsevol d&#8217;aquestes Condicions, les disposicions d&#8217;aquests contractes addicionals controlaran i prevaldran.<\/p><h2>2. Vinculaci\u00f3<\/h2><p>En registrar-se, accedir o utilitzar d&#8217;una altra manera aquest lloc web, vost\u00e8 accepta estar subjecte a aquests Termes i condicions que s&#8217;indiquen a continuaci\u00f3.&nbsp;El sol \u00fas d&#8217;aquest lloc web implica el coneixement i l&#8217;acceptaci\u00f3 d&#8217;aquests Termes i condicions.&nbsp;En alguns casos particulars, tamb\u00e9 podem demanar-vos que accepteu expl\u00edcitament.<\/p><h2>3. Comunicaci\u00f3 electr\u00f2nica<\/h2><p>En utilitzar aquest lloc web o en comunicar-se amb nosaltres per mitjans electr\u00f2nics, accepteu i reconeixeu que ens podem comunicar amb vosaltres electr\u00f2nicament al nostre lloc web o enviant-vos un correu electr\u00f2nic, i accepteu que tots els acords, avisos, revelacions i altres comunicacions que fem proporcionar-li electr\u00f2nicament satisfer qualsevol requisit legal, incl\u00f2s, entre d&#8217;altres, el requisit que aquestes comunicacions s&#8217;hagin de fer per escrit.<\/p><h2>4. Propietat intel\u00b7lectual<\/h2><p>Nosaltres o els nostres llicenciants posse\u00efm i controlem tots els drets d&#8217;autor i altres drets de propietat intel\u00b7lectual del lloc web i les dades, la informaci\u00f3 i altres recursos que es mostren o accessibles al lloc web.<\/p><p class=\"cmplz-subtitle\">4.1 Tots els drets estan reservats<\/p><p>Llevat que el contingut espec\u00edfic indiqui el contrari, no se us concedeix cap llic\u00e8ncia ni cap altre dret en virtut de drets d&#8217;autor, marques comercials, patents o altres drets de propietat intel\u00b7lectual.&nbsp;Aix\u00f2 vol dir que no utilitzar\u00e0, copiar\u00e0, reproduir\u00e0, executar\u00e0, mostrar\u00e0, distribuir\u00e0, incrustar\u00e0 en cap mitj\u00e0 electr\u00f2nic, alterar\u00e0, realitzar\u00e0 enginyeria inversa, descompilar\u00e0, transferir\u00e0, descarregar\u00e0, transmetr\u00e0, monetitzar\u00e0, vendre, comercialitzar o comercialitzar cap recurs d&#8217;aquest lloc web. de qualsevol forma, sense el nostre perm\u00eds previ per escrit, excepte i nom\u00e9s en la mesura que s&#8217;estipuli el contrari en les normes de llei imperativa (com ara el dret a cotitzaci\u00f3).<\/p><h2>5. Butllet\u00ed informatiu<\/h2><p>No obstant l&#8217;anterior, podeu reenviar el nostre butllet\u00ed en forma electr\u00f2nica a altres persones que puguin estar interessades a visitar el nostre lloc web.<\/p><h2>6. Propietat de tercers<\/h2><p>El nostre lloc web pot incloure hipervincles o altres refer\u00e8ncies a llocs web d&#8217;altres parts.&nbsp;No controlem ni revisem el contingut dels llocs web d&#8217;altres parts als quals s&#8217;enlla\u00e7a des d&#8217;aquest lloc web.&nbsp;Els productes o serveis oferts per altres llocs web estaran subjectes als Termes i Condicions aplicables d&#8217;aquests tercers.&nbsp;Les opinions expressades o el material que apareix en aquests llocs web no \u00e9s necess\u00e0riament compartit ni avalat per nosaltres.<\/p><p>No serem responsables de cap pr\u00e0ctica de privadesa o contingut d&#8217;aquests llocs.&nbsp;Vost\u00e8 assumeix tots els riscos associats amb l&#8217;\u00fas d&#8217;aquests llocs web i qualsevol servei de tercers relacionat.&nbsp;No acceptarem cap responsabilitat per cap p\u00e8rdua o dany de qualsevol manera, sigui quina sigui la causa, que resulti de la seva divulgaci\u00f3 a tercers d&#8217;informaci\u00f3 personal.<\/p><h2>7. \u00das responsable<\/h2><p>En visitar el nostre lloc web, accepteu utilitzar-lo nom\u00e9s per als prop\u00f2sits previstos i tal com ho permeten aquestes Condicions, qualsevol contracte addicional amb nosaltres i les lleis, regulacions i pr\u00e0ctiques en l\u00ednia generalment acceptades i directrius del sector.&nbsp;No heu d&#8217;utilitzar el nostre lloc web o serveis per utilitzar, publicar o distribuir cap material que consisti en (o estigui vinculat a) programari inform\u00e0tic malici\u00f3s; utilitzar les dades recollides del nostre lloc web per a qualsevol activitat de m\u00e0rqueting directe o realitzar activitats de recollida de dades sistem\u00e0tica o automatitzada al nostre lloc web o en relaci\u00f3 amb ell.<\/p><p>Queda totalment prohibit participar en qualsevol activitat que causi o pugui causar danys al lloc web o que interfereixi amb el rendiment, la disponibilitat o l&#8217;accessibilitat del lloc web.<\/p><h2>8. Inscripci\u00f3<\/h2><p>Podeu registrar-vos per obtenir un compte al nostre lloc web.&nbsp;Durant aquest proc\u00e9s, \u00e9s possible que se us demani que escolliu una contrasenya.&nbsp;Sou responsable de mantenir la confidencialitat de les contrasenyes i la informaci\u00f3 del compte i accepteu no compartir les vostres contrasenyes, la informaci\u00f3 del compte o l&#8217;acc\u00e9s segur al nostre lloc web o serveis amb cap altra persona.&nbsp;No heu de permetre que cap altra persona utilitzi el vostre compte per accedir al lloc web perqu\u00e8 sou responsable de totes les activitats que es produeixin mitjan\u00e7ant l&#8217;\u00fas de les vostres contrasenyes o comptes.&nbsp;Ens heu de notificar immediatament si teniu coneixement de qualsevol revelaci\u00f3 de la vostra contrasenya.<\/p><p>Despr\u00e9s de la cancel\u00b7laci\u00f3 del compte, no intentareu registrar un compte nou sense el nostre perm\u00eds.<\/p><h2>9. Pol\u00edtica de devoluci\u00f3 i devoluci\u00f3<\/h2><p class=\"cmplz-subtitle\">9.1 Dret de desistiment<\/p><p>Teniu dret a desistir d&#8217;aquest contracte en 14 dies sense donar cap motiu.<\/p><p>El per\u00edode de desistiment expirar\u00e0 al cap de 14 dies des del dia de la celebraci\u00f3 del contracte.<\/p><p>Per exercir el dret de desistiment, ens heu d&#8217;informar de la vostra decisi\u00f3 de desistir d&#8217;aquest contracte mitjan\u00e7ant una declaraci\u00f3 inequ\u00edvoca (per exemple, una carta enviada per correu postal, fax o correu electr\u00f2nic).&nbsp;Les nostres dades de contacte es poden trobar a continuaci\u00f3.&nbsp;Podeu utilitzar el model adjunt <a target=\"_blank\" href=\"https:\/\/educatudinero.com\/wp-content\/uploads\/complianz\/withdrawal-forms\/withdrawal-form-ca.pdf\">formulari de retirada<\/a>, per\u00f2 no \u00e9s obligatori.<\/p><p>Si utilitzeu aquesta opci\u00f3, us comunicarem sense demora un justificant de recepci\u00f3 d&#8217;aquesta retirada en un suport durador (per exemple, per correu electr\u00f2nic).<\/p><p>Per complir el termini de desistiment, n&#8217;hi ha prou amb enviar la seva comunicaci\u00f3 sobre l&#8217;exercici del dret de desistiment abans que hagi transcorregut el termini de desistiment.<\/p><p class=\"cmplz-subtitle\">9.2 Efectes de la retirada<\/p><p>Si retira aquest contracte, li reemborsarem tots els pagaments rebuts de vost\u00e8, inclosos els costos de lliurament (a excepci\u00f3 dels costos addicionals derivats de la seva elecci\u00f3 d&#8217;un tipus de lliurament diferent del tipus de lliurament est\u00e0ndard menys cost\u00f3s ofert per nosaltres), sense demora indeguda i, en qualsevol cas, no m\u00e9s tard de 14 dies a partir del dia en qu\u00e8 se&#8217;ns ha informat de la seva decisi\u00f3 de desistir d&#8217;aquest contracte.&nbsp;Efectuarem aquest reemborsament utilitzant el mateix mitj\u00e0 de pagament que vau utilitzar per a la transacci\u00f3 inicial, tret que h\u00e0giu acordat expressament el contrari; en cap cas, no incorrer\u00e0 en cap quota com a conseq\u00fc\u00e8ncia d&#8217;aquest reemborsament.<\/p><p>Si vau sol\u00b7licitar comen\u00e7ar la prestaci\u00f3 dels serveis durant el per\u00edode de desistiment, ens haureu d&#8217;abonar una quantitat proporcional a la que s&#8217;hagi prestat fins que ens hagueu comunicat la vostra den\u00fancia d&#8217;aquest contracte, en comparaci\u00f3 amb la cobertura total del contracte. .<\/p><p>Please note that there are some legal exceptions to the right to withdraw, and some items can therefore not be returned or exchanged. &nbsp;T&#8217;informarem si aix\u00f2 s&#8217;aplica en el teu cas particular.<\/p><h2>10. Presentaci\u00f3 d&#039;idees<\/h2><p>No envieu idees, invencions, obres d&#8217;autoria o altra informaci\u00f3 que es pugui considerar propietat intel\u00b7lectual pr\u00f2pia que ens agradaria presentar, tret que primer h\u00e0gim signat un acord sobre la propietat intel\u00b7lectual o un acord de no divulgaci\u00f3.&nbsp;Si ens ho revelas sense aquest acord per escrit, ens atorgues una llic\u00e8ncia mundial, irrevocable, no exclusiva i lliure de drets d&#8217;autor per utilitzar, reproduir, emmagatzemar, adaptar, publicar, traduir i distribuir el teu contingut en qualsevol mitj\u00e0 existent o futur. .<\/p><h2>11. Finalitzaci\u00f3 de l&#039;\u00fas<\/h2><p>Podem, a la nostra discreci\u00f3, modificar o interrompre l&#8217;acc\u00e9s, de manera temporal o permanent, en qualsevol moment al lloc web o a qualsevol Servei que hi hagi.&nbsp;Accepteu que no serem responsables davant vostre o cap tercer per qualsevol modificaci\u00f3, suspensi\u00f3 o interrupci\u00f3 del vostre acc\u00e9s o \u00fas del lloc web o qualsevol contingut que pugueu haver compartit al lloc web.&nbsp;No tindreu dret a cap compensaci\u00f3 ni cap altre pagament, fins i tot si determinades caracter\u00edstiques, configuraci\u00f3 i\/o qualsevol Contingut amb qu\u00e8 h\u00e0giu contribu\u00eft o en qu\u00e8 us heu confiat, es perdin permanentment.&nbsp;No heu d&#8217;eludir ni eludir, ni intentar eludir o eludir cap mesura de restricci\u00f3 d&#8217;acc\u00e9s al nostre lloc web.<\/p><h2>12. Garanties i responsabilitat<\/h2><p>Res d&#8217;aquesta secci\u00f3 limitar\u00e0 o exclour\u00e0 cap garantia impl\u00edcita per la llei que seria il\u00b7legal limitar o excloure.&nbsp;Aquest lloc web i tot el contingut del lloc web es proporcionen &#8220;tal qual&#8221; i &#8220;segons estiguin disponibles&#8221; i poden incloure inexactituds o errors tipogr\u00e0fics.&nbsp;Declinem expressament totes les garanties de qualsevol tipus, ja siguin expl\u00edcites o impl\u00edcites, quant a la disponibilitat, exactitud o integritat del Contingut.&nbsp;No donem cap garantia que:<\/p><p><ul>\n\t\t\t\t<li>aquest lloc web o els nostres productes o serveis compliran els vostres requisits;<\/li>\n\t\t\t\t<li>aquest lloc web estar\u00e0 disponible de manera ininterrompuda, oportuna, segura o sense errors;<\/li>\n\t\t\t\t<li>la qualitat de qualsevol producte o servei adquirit o obtingut per vost\u00e8 a trav\u00e9s d&#8217;aquest lloc web satisfar\u00e0 les seves expectatives.<\/li>\n\t\t\t<\/ul><\/p><p>Les disposicions seg\u00fcents d&#8217;aquesta secci\u00f3 s&#8217;aplicaran en la mesura m\u00e0xima permesa per la llei aplicable i no limitaran ni exclouran la nostra responsabilitat respecte a cap assumpte que seria il\u00b7legal o il\u00b7legal per a nosaltres limitar o excloure la nostra responsabilitat.&nbsp;En cap cas serem responsables dels danys directes o indirectes (inclosos els danys per p\u00e8rdua de beneficis o ingressos, p\u00e8rdua o corrupci\u00f3 de dades, programari o base de dades, o p\u00e8rdua o dany a la propietat o les dades) incorregut per vost\u00e8 o qualsevol tercer. part, derivada del vostre acc\u00e9s o \u00fas del nostre lloc web.<\/p><p>Llevat que qualsevol contracte addicional estableixi expressament el contrari, la nostra m\u00e0xima responsabilitat envers vost\u00e8 per tots els danys derivats o relacionats amb el lloc web o qualsevol producte i servei comercialitzat o venut a trav\u00e9s del lloc web, independentment de la forma d&#8217;acci\u00f3 legal que imposa la responsabilitat ( ja sigui per contracte, equitat, neglig\u00e8ncia, conducta intencionada, dany o d&#8217;una altra manera) es limitar\u00e0 al preu total que ens vau pagar per comprar aquests productes o serveis o utilitzar el lloc web.&nbsp;Aquest l\u00edmit s&#8217;aplicar\u00e0 en conjunt a totes les seves reclamacions, accions i causes d&#8217;acci\u00f3 de qualsevol tipus i naturalesa.<\/p><h2>13. Privadesa<\/h2><p>Per accedir al nostre lloc web i\/o serveis, \u00e9s possible que se us demani que proporcioneu certa informaci\u00f3 sobre vosaltres mateixos com a part del proc\u00e9s de registre.&nbsp;Accepteu que qualsevol informaci\u00f3 que proporcioneu ser\u00e0 sempre precisa, correcta i actualitzada.<\/p><p>Ens prenem les teves dades personals seriosament i ens comprometem a protegir la teva privadesa.&nbsp;No utilitzarem la vostra adre\u00e7a de correu electr\u00f2nic per a correu no sol\u00b7licitat.&nbsp;Qualsevol correu electr\u00f2nic que us enviem nom\u00e9s estar\u00e0 relacionat amb la prestaci\u00f3 dels productes o serveis acordats.<\/p><p>Hem desenvolupat una pol\u00edtica per resoldre qualsevol problema de privadesa que pugui tenir.&nbsp;Per obtenir m\u00e9s informaci\u00f3, consulteu la nostra <a href=\"\/reembolso_devoluciones\/\">Declaraci\u00f3 de privadesa<\/a> i la nostra <a href=\"\/politica-de-cookies\/\">Pol\u00edtica de galetes<\/a>.<\/p><h2>14. Accessibilitat<\/h2><p>Ens comprometem a fer accessible el contingut que oferim a les persones amb discapacitat.&nbsp;Si teniu una discapacitat i no podeu accedir a cap part del nostre lloc web a causa de la vostra discapacitat, us demanem que ens envieu un av\u00eds amb una descripci\u00f3 detallada del problema que heu trobat.&nbsp;Si el problema \u00e9s f\u00e0cilment identificable i resolt d&#8217;acord amb les eines i t\u00e8cniques de tecnologia de la informaci\u00f3 est\u00e0ndard del sector, el resoldrem r\u00e0pidament.<\/p><h2>15. Restriccions d&#039;exportaci\u00f3 \/ Compliment legal<\/h2><p>Est\u00e0 prohibit l&#8217;acc\u00e9s al lloc web des de territoris o pa\u00efsos on el Contingut o la compra dels productes o Serveis venuts al lloc web \u00e9s il\u00b7legal.&nbsp;No podeu utilitzar aquest lloc web infringint les lleis i regulacions d&#8217;exportaci\u00f3 de Espanya.<\/p><h2>16. Enc\u00e0rrec<\/h2><p>No podeu cedir, transferir o subcontractar cap dels vostres drets i\/o obligacions en virtut d&#8217;aquests Termes i condicions, totalment o parcialment, a cap tercer sense el nostre consentiment previ per escrit.&nbsp;Qualsevol presumpta cessi\u00f3 que infringeixi aquesta Secci\u00f3 ser\u00e0 nul\u00b7la de ple dret.<\/p><h2>17. Incompliments d&#039;aquests Termes i condicions<\/h2><p>Sense perjudici dels nostres altres drets en virtut d&#8217;aquests Termes i Condicions, si incompleixes aquests Termes i Condicions d&#8217;alguna manera, podrem prendre les mesures que considerem oportunes per fer front a l&#8217;incompliment, inclosa la suspensi\u00f3 temporal o permanent del teu acc\u00e9s al lloc web, posant-nos en contacte. el vostre prove\u00efdor de serveis d&#8217;Internet per sol\u00b7licitar que bloquegi el vostre acc\u00e9s al lloc web i\/o iniciar accions legals contra vosaltres.<\/p><h2>18. Indemnitzaci\u00f3<\/h2><p>Accepteu indemnitzar-nos, defensar-nos i mantenir-nos indemnes de qualsevol reclamaci\u00f3, responsabilitat, dany, p\u00e8rdues i despeses relacionades amb la vostra violaci\u00f3 d&#8217;aquests Termes i condicions i de les lleis aplicables, inclosos els drets de propietat intel\u00b7lectual i els drets de privadesa.&nbsp;Ens reemborsar\u00e0 immediatament els nostres danys, p\u00e8rdues, costos i despeses relacionats o derivats d&#8217;aquestes reclamacions.<\/p><h2>19. Ren\u00fancia<\/h2><p>L&#8217;incompliment de qualsevol de les disposicions establertes en aquests Termes i Condicions i qualsevol Acord, o la manca d&#8217;exercir qualsevol opci\u00f3 de rescissi\u00f3, no s&#8217;interpretar\u00e0 com una ren\u00fancia a aquestes disposicions i no afectar\u00e0 la validesa d&#8217;aquests Termes i Condicions ni de cap Acord o qualsevol part d&#8217;aquest, o el dret posterior a fer complir totes i cadascuna de les disposicions.<\/p><h2>20. Llengua<\/h2><p>Aquests Termes i Condicions s&#8217;interpretaran i interpretaran exclusivament en Angl\u00e8s.&nbsp;Tots els avisos i correspond\u00e8ncia es redactaran exclusivament en aquest idioma.<\/p><h2>21. Acord sencer<\/h2><p>These Terms and Conditions, together with our <a href=\"\/reembolso_devoluciones\/\">privacy statement<\/a> and <a href=\"\/politica-de-cookies\/\">cookie policy<\/a>, constitute the entire agreement between you and FUNDACIO PRIVADA INSTITUT D\u2019ESTUDIS FINANCERS in relation to your use of this website.<\/p><h2>22. Actualitzaci\u00f3 d&#039;aquests Termes i condicions<\/h2><p>Podem actualitzar aquests Termes i Condicions de tant en tant.&nbsp;La data indicada a l&#8217;inici d&#8217;aquests Termes i Condicions \u00e9s la data de l&#8217;\u00faltima revisi\u00f3.&nbsp;Us enviarem un av\u00eds per escrit de qualsevol canvi o actualitzaci\u00f3, i els Termes i condicions revisats entraran en vigor a partir de la data en qu\u00e8 us donem aquest av\u00eds.&nbsp;El vostre \u00fas continuat d&#8217;aquest lloc web despr\u00e9s de la publicaci\u00f3 de canvis o actualitzacions es considerar\u00e0 un av\u00eds de la vostra acceptaci\u00f3 de complir i estar vinculat per aquests Termes i Condicions.&nbsp;Per sol\u00b7licitar una versi\u00f3 pr\u00e8via d&#8217;aquests Termes i condicions, poseu-vos en contacte amb nosaltres.<\/p><h2>23. Elecci\u00f3 de la llei i jurisdicci\u00f3<\/h2><p>Aquests Termes i Condicions es regiran per les lleis de Espanya.&nbsp;Qualsevol controv\u00e8rsia relacionada amb aquests Termes i Condicions estar\u00e0 sotmesa a la jurisdicci\u00f3 dels tribunals de Espanya.&nbsp;Si un tribunal o una altra autoritat considera que alguna part o disposici\u00f3 d&#8217;aquests Termes i Condicions \u00e9s inv\u00e0lida i\/o inaplicable d&#8217;acord amb la llei aplicable, aquesta part o disposici\u00f3 es modificar\u00e0, esborrar\u00e0 i\/o s&#8217;aplicar\u00e0 en la mesura m\u00e0xima permissible per tal de donar efecte a la intenci\u00f3 d&#8217;aquests Termes i Condicions.&nbsp;La resta de disposicions no es veuran afectades.<\/p><h2>24. Informaci\u00f3 de contacte<\/h2><p>Aquest lloc web \u00e9s propietat i est\u00e0 gestionat per FUNDACIO PRIVADA INSTITUT D\u2019ESTUDIS FINANCERS.<\/p><p>You may contact us regarding these Terms and Conditions by writing or emailing us at the following address: ief&#064;&#105;&#101;f&#119;&#101;b.org<br>Av. Diagonal 452, 3a planta, 08006 Barcelona. <\/p><h2>25. Baixa<\/h2><p>Tamb\u00e9 podeu <a href=\"https:\/\/educatudinero.com\/wp-content\/plugins\/complianz-terms-conditions\/download.php\">baixar<\/a> els nostres termes i condicions com a PDF.<\/p><\/div>","protected":false},"excerpt":{"rendered":"","protected":false},"author":1,"featured_media":0,"parent":0,"menu_order":0,"comment_status":"closed","ping_status":"closed","template":"page-legal.php","meta":{"_acf_changed":false,"content-type":"","inline_featured_image":false,"_uag_custom_page_level_css":"","site-sidebar-layout":"default","site-content-layout":"","ast-site-content-layout":"default","site-content-style":"default","site-sidebar-style":"default","ast-global-header-display":"","ast-banner-title-visibility":"","ast-main-header-display":"","ast-hfb-above-header-display":"","ast-hfb-below-header-display":"","ast-hfb-mobile-header-display":"","site-post-title":"","ast-breadcrumbs-content":"","ast-featured-img":"","footer-sml-layout":"","ast-disable-related-posts":"","theme-transparent-header-meta":"","adv-header-id-meta":"","stick-header-meta":"","header-above-stick-meta":"","header-main-stick-meta":"","header-below-stick-meta":"","astra-migrate-meta-layouts":"default","ast-page-background-enabled":"default","ast-page-background-meta":{"desktop":{"background-color":"var(--ast-global-color-5)","background-image":"","background-repeat":"repeat","background-position":"center center","background-size":"auto","background-attachment":"scroll","background-type":"","background-media":"","overlay-type":"","overlay-color":"","overlay-opacity":"","overlay-gradient":""},"tablet":{"background-color":"","background-image":"","background-repeat":"repeat","background-position":"center center","background-size":"auto","background-attachment":"scroll","background-type":"","background-media":"","overlay-type":"","overlay-color":"","overlay-opacity":"","overlay-gradient":""},"mobile":{"background-color":"","background-image":"","background-repeat":"repeat","background-position":"center center","background-size":"auto","background-attachment":"scroll","background-type":"","background-media":"","overlay-type":"","overlay-color":"","overlay-opacity":"","overlay-gradient":""}},"ast-content-background-meta":{"desktop":{"background-color":"var(--ast-global-color-4)","background-image":"","background-repeat":"repeat","background-position":"center center","background-size":"auto","background-attachment":"scroll","background-type":"","background-media":"","overlay-type":"","overlay-color":"","overlay-opacity":"","overlay-gradient":""},"tablet":{"background-color":"var(--ast-global-color-4)","background-image":"","background-repeat":"repeat","background-position":"center center","background-size":"auto","background-attachment":"scroll","background-type":"","background-media":"","overlay-type":"","overlay-color":"","overlay-opacity":"","overlay-gradient":""},"mobile":{"background-color":"var(--ast-global-color-4)","background-image":"","background-repeat":"repeat","background-position":"center center","background-size":"auto","background-attachment":"scroll","background-type":"","background-media":"","overlay-type":"","overlay-color":"","overlay-opacity":"","overlay-gradient":""}},"footnotes":""},"class_list":["post-1088","page","type-page","status-publish","hentry"],"acf":[],"uagb_featured_image_src":{"full":false,"thumbnail":false,"medium":false,"medium_large":false,"large":false,"1536x1536":false,"2048x2048":false,"woocommerce_thumbnail":false,"woocommerce_single":false,"woocommerce_gallery_thumbnail":false},"uagb_author_info":{"display_name":"joanraez","author_link":"https:\/\/educatudinero.com\/ca\/author\/joanraez\/"},"uagb_comment_info":0,"uagb_excerpt":null,"_links":{"self":[{"href":"https:\/\/educatudinero.com\/ca\/wp-json\/wp\/v2\/pages\/1088","targetHints":{"allow":["GET"]}}],"collection":[{"href":"https:\/\/educatudinero.com\/ca\/wp-json\/wp\/v2\/pages"}],"about":[{"href":"https:\/\/educatudinero.com\/ca\/wp-json\/wp\/v2\/types\/page"}],"author":[{"embeddable":true,"href":"https:\/\/educatudinero.com\/ca\/wp-json\/wp\/v2\/users\/1"}],"replies":[{"embeddable":true,"href":"https:\/\/educatudinero.com\/ca\/wp-json\/wp\/v2\/comments?post=1088"}],"version-history":[{"count":1,"href":"https:\/\/educatudinero.com\/ca\/wp-json\/wp\/v2\/pages\/1088\/revisions"}],"predecessor-version":[{"id":1089,"href":"https:\/\/educatudinero.com\/ca\/wp-json\/wp\/v2\/pages\/1088\/revisions\/1089"}],"wp:attachment":[{"href":"https:\/\/educatudinero.com\/ca\/wp-json\/wp\/v2\/media?parent=1088"}],"curies":[{"name":"wp","href":"https:\/\/api.w.org\/{rel}","templated":true}]}}